{"id":1209,"date":"2023-05-18T08:28:43","date_gmt":"2023-05-18T06:28:43","guid":{"rendered":"https:\/\/viertler.it\/impressum\/"},"modified":"2023-06-20T09:23:26","modified_gmt":"2023-06-20T07:23:26","slug":"impressum","status":"publish","type":"page","link":"https:\/\/viertler.it\/it\/impressum\/","title":{"rendered":"Impressum"},"content":{"rendered":"\t\t<div data-elementor-type=\"wp-page\" data-elementor-id=\"1209\" class=\"elementor elementor-1209\">\n\t\t\t\t<div class=\"elementor-element elementor-element-5d2b5cf0 e-flex e-con-boxed e-con e-parent\" data-id=\"5d2b5cf0\" data-element_type=\"container\" id=\"tischlerei\" data-settings=\"{&quot;background_background&quot;:&quot;classic&quot;}\">\n\t\t\t\t\t<div class=\"e-con-inner\">\n\t\t\t\t<div class=\"elementor-element elementor-element-6f1c74c elementor-mobile-align-left elementor-align-left elementor-widget elementor-widget-raven-heading\" data-id=\"6f1c74c\" data-element_type=\"widget\" data-widget_type=\"raven-heading.default\">\n\t\t\t\t<div class=\"elementor-widget-container\">\n\t\t\t\t\t\t\t<div class=\"raven-widget-wrapper\"><h2 class=\"raven-heading raven-heading-h2\"><span class=\"raven-heading-title \">Impressum<\/span><\/h2><\/div>\r\n\t\t\t\t\t\t<\/div>\n\t\t\t\t<\/div>\n\t\t<div class=\"elementor-element elementor-element-60334e68 e-con-full e-flex e-con e-child\" data-id=\"60334e68\" data-element_type=\"container\">\n\t\t<div class=\"elementor-element elementor-element-19238303 e-con-full e-flex e-con e-child\" data-id=\"19238303\" data-element_type=\"container\">\n\t\t\t\t<div class=\"elementor-element elementor-element-c23eed4 elementor-widget elementor-widget-text-editor\" data-id=\"c23eed4\" data-element_type=\"widget\" data-widget_type=\"text-editor.default\">\n\t\t\t\t<div class=\"elementor-widget-container\">\n\t\t\t\t\t\t\t\t\t<p><strong>Proprietario e responsabile per il contenuto:<br \/><\/strong>Falegnameria Viertler<br \/>Via J.-Walch 10, 39034 Dobbiaco<br \/>Tel. +39 0474 972125<br \/><a href=\"mailto:info@viertler.it\">info@viertler.it<\/a><br \/><a href=\"http:\/\/www.viertler.it\">www.viertler.it<\/a><\/p><p>Part.IVA: 01335760219<br \/>Codice dest.: SUBM70N<br \/>PEC E-Mail: <a href=\"mailto:viertler@secure-pec.it\">viertler@secure-pec.it<\/a><\/p><p><strong>Materiale fotografico:<\/strong><br \/>Falegnameria Viertler<\/p><p><strong>Avviso di responsabilit\u00e0:<\/strong><br \/>I marchi e le societ\u00e0 citate su questo sito sono di propriet\u00e0 del apposito titolare.<br \/>Nonostante l\u2019attento controllo dei contenuti, non assumiamo nessuna responsabilit\u00e0 per i contenuti relativi a link esterni. Sono responsabili per il contenuto delle pagine collegate esclusivamente i gestori delle pagine stesse.<\/p>\t\t\t\t\t\t\t\t<\/div>\n\t\t\t\t<\/div>\n\t\t\t\t<\/div>\n\t\t<div class=\"elementor-element elementor-element-78b0921 e-con-full e-flex e-con e-child\" data-id=\"78b0921\" data-element_type=\"container\">\n\t\t\t\t<div class=\"elementor-element elementor-element-a711f12 elementor-widget elementor-widget-text-editor\" data-id=\"a711f12\" data-element_type=\"widget\" data-widget_type=\"text-editor.default\">\n\t\t\t\t<div class=\"elementor-widget-container\">\n\t\t\t\t\t\t\t\t\t<p><strong>Realizzazione, Concetto &amp; Design:<br \/><\/strong>Fuchsdesign<br \/>Via Dolomiti 25a, 39034 Dobbiaco<br \/>Alto Adige \u2013 Italia<br \/>Tel +39 0474 979 048<br \/><a href=\"mailto:info@fuchsdesign.it\">info@fuchsdesign.it<\/a><br \/><a class=\"external-link-new-window\" title=\"Opens external link in new window\" href=\"http:\/\/www.fuchsdesign.it\/\" target=\"_blank\" rel=\"noopener noreferrer\">www.fuchsdesign.it<\/a><\/p><p><strong>Informazione obbligatoria ai sensi del Regolamento UE n. 524\/2016 del Parlamento europeo e del Consiglio<\/strong><br \/>Piattaforma per la risoluzione delle controversie online dei consumatori (ODR) della Commissione europea:\u00a0 <a href=\"https:\/\/ec.europa.eu\/consumers\/odr\/\" target=\"_blank\" rel=\"noopener noreferrer\">https:\/\/ec.europa.eu\/consumers\/odr\/<\/a><\/p>\t\t\t\t\t\t\t\t<\/div>\n\t\t\t\t<\/div>\n\t\t\t\t<\/div>\n\t\t\t\t<\/div>\n\t\t\t\t\t<\/div>\n\t\t\t\t<\/div>\n\t\t\t\t<\/div>\n\t\t","protected":false},"excerpt":{"rendered":"<p>Impressum Proprietario e responsabile per il contenuto:Falegnameria ViertlerVia J.-Walch 10, 39034 DobbiacoTel. +39 0474 972125info@viertler.itwww.viertler.it Part.IVA: 01335760219Codice dest.: SUBM70NPEC E-Mail: viertler@secure-pec.it Materiale fotografico:Falegnameria Viertler Avviso di responsabilit\u00e0:I marchi e le societ\u00e0 citate su questo sito sono di propriet\u00e0 del apposito titolare.Nonostante l\u2019attento controllo dei contenuti, non assumiamo nessuna responsabilit\u00e0 per i contenuti relativi a link [&hellip;]<\/p>\n","protected":false},"author":1,"featured_media":0,"parent":0,"menu_order":0,"comment_status":"closed","ping_status":"closed","template":"elementor_header_footer","meta":{"_acf_changed":false,"footnotes":""},"class_list":["post-1209","page","type-page","status-publish","hentry"],"acf":[],"yoast_head":"<!-- This site is optimized with the Yoast SEO plugin v27.4 - https:\/\/yoast.com\/product\/yoast-seo-wordpress\/ -->\n<title>Impressum - Falegnameria Viertler Dobbiaco<\/title>\n<meta name=\"robots\" content=\"index, follow, max-snippet:-1, max-image-preview:large, max-video-preview:-1\" \/>\n<link rel=\"canonical\" href=\"https:\/\/viertler.it\/it\/impressum\/\" \/>\n<meta property=\"og:locale\" content=\"it_IT\" \/>\n<meta property=\"og:type\" content=\"article\" \/>\n<meta property=\"og:title\" content=\"Impressum - Falegnameria Viertler Dobbiaco\" \/>\n<meta property=\"og:description\" content=\"Impressum Proprietario e responsabile per il contenuto:Falegnameria ViertlerVia J.-Walch 10, 39034 DobbiacoTel. +39 0474 972125info@viertler.itwww.viertler.it Part.IVA: 01335760219Codice dest.: SUBM70NPEC E-Mail: viertler@secure-pec.it Materiale fotografico:Falegnameria Viertler Avviso di responsabilit\u00e0:I marchi e le societ\u00e0 citate su questo sito sono di propriet\u00e0 del apposito titolare.Nonostante l\u2019attento controllo dei contenuti, non assumiamo nessuna responsabilit\u00e0 per i contenuti relativi a link [&hellip;]\" \/>\n<meta property=\"og:url\" content=\"https:\/\/viertler.it\/it\/impressum\/\" \/>\n<meta property=\"og:site_name\" content=\"Falegnameria Viertler Dobbiaco\" \/>\n<meta property=\"article:publisher\" content=\"https:\/\/www.facebook.com\/profile.php?id=100094839330671\" \/>\n<meta property=\"article:modified_time\" content=\"2023-06-20T07:23:26+00:00\" \/>\n<meta name=\"twitter:card\" content=\"summary_large_image\" \/>\n<meta name=\"twitter:label1\" content=\"Tempo di lettura stimato\" \/>\n\t<meta name=\"twitter:data1\" content=\"1 minuto\" \/>\n<script type=\"application\/ld+json\" class=\"yoast-schema-graph\">{\"@context\":\"https:\\\/\\\/schema.org\",\"@graph\":[{\"@type\":\"WebPage\",\"@id\":\"https:\\\/\\\/viertler.it\\\/it\\\/impressum\\\/\",\"url\":\"https:\\\/\\\/viertler.it\\\/it\\\/impressum\\\/\",\"name\":\"Impressum - Falegnameria Viertler Dobbiaco\",\"isPartOf\":{\"@id\":\"https:\\\/\\\/viertler.it\\\/#website\"},\"datePublished\":\"2023-05-18T06:28:43+00:00\",\"dateModified\":\"2023-06-20T07:23:26+00:00\",\"breadcrumb\":{\"@id\":\"https:\\\/\\\/viertler.it\\\/it\\\/impressum\\\/#breadcrumb\"},\"inLanguage\":\"it-IT\",\"potentialAction\":[{\"@type\":\"ReadAction\",\"target\":[\"https:\\\/\\\/viertler.it\\\/it\\\/impressum\\\/\"]}]},{\"@type\":\"BreadcrumbList\",\"@id\":\"https:\\\/\\\/viertler.it\\\/it\\\/impressum\\\/#breadcrumb\",\"itemListElement\":[{\"@type\":\"ListItem\",\"position\":1,\"name\":\"Startseite\",\"item\":\"https:\\\/\\\/viertler.it\\\/it\\\/\"},{\"@type\":\"ListItem\",\"position\":2,\"name\":\"Impressum\"}]},{\"@type\":\"WebSite\",\"@id\":\"https:\\\/\\\/viertler.it\\\/#website\",\"url\":\"https:\\\/\\\/viertler.it\\\/\",\"name\":\"Falegnameria Viertler Dobbiaco\",\"description\":\"\",\"publisher\":{\"@id\":\"https:\\\/\\\/viertler.it\\\/#organization\"},\"potentialAction\":[{\"@type\":\"SearchAction\",\"target\":{\"@type\":\"EntryPoint\",\"urlTemplate\":\"https:\\\/\\\/viertler.it\\\/?s={search_term_string}\"},\"query-input\":{\"@type\":\"PropertyValueSpecification\",\"valueRequired\":true,\"valueName\":\"search_term_string\"}}],\"inLanguage\":\"it-IT\"},{\"@type\":\"Organization\",\"@id\":\"https:\\\/\\\/viertler.it\\\/#organization\",\"name\":\"Falegnameria Viertler Dobbiaco\",\"url\":\"https:\\\/\\\/viertler.it\\\/\",\"logo\":{\"@type\":\"ImageObject\",\"inLanguage\":\"it-IT\",\"@id\":\"https:\\\/\\\/viertler.it\\\/#\\\/schema\\\/logo\\\/image\\\/\",\"url\":\"https:\\\/\\\/viertler.it\\\/wp-content\\\/uploads\\\/tischlerei-viertler-falegnameria-logo.svg\",\"contentUrl\":\"https:\\\/\\\/viertler.it\\\/wp-content\\\/uploads\\\/tischlerei-viertler-falegnameria-logo.svg\",\"width\":234.45,\"height\":117.44,\"caption\":\"Falegnameria Viertler Dobbiaco\"},\"image\":{\"@id\":\"https:\\\/\\\/viertler.it\\\/#\\\/schema\\\/logo\\\/image\\\/\"},\"sameAs\":[\"https:\\\/\\\/www.facebook.com\\\/profile.php?id=100094839330671\"]}]}<\/script>\n<!-- \/ Yoast SEO plugin. -->","yoast_head_json":{"title":"Impressum - Falegnameria Viertler Dobbiaco","robots":{"index":"index","follow":"follow","max-snippet":"max-snippet:-1","max-image-preview":"max-image-preview:large","max-video-preview":"max-video-preview:-1"},"canonical":"https:\/\/viertler.it\/it\/impressum\/","og_locale":"it_IT","og_type":"article","og_title":"Impressum - Falegnameria Viertler Dobbiaco","og_description":"Impressum Proprietario e responsabile per il contenuto:Falegnameria ViertlerVia J.-Walch 10, 39034 DobbiacoTel. +39 0474 972125info@viertler.itwww.viertler.it Part.IVA: 01335760219Codice dest.: SUBM70NPEC E-Mail: viertler@secure-pec.it Materiale fotografico:Falegnameria Viertler Avviso di responsabilit\u00e0:I marchi e le societ\u00e0 citate su questo sito sono di propriet\u00e0 del apposito titolare.Nonostante l\u2019attento controllo dei contenuti, non assumiamo nessuna responsabilit\u00e0 per i contenuti relativi a link [&hellip;]","og_url":"https:\/\/viertler.it\/it\/impressum\/","og_site_name":"Falegnameria Viertler Dobbiaco","article_publisher":"https:\/\/www.facebook.com\/profile.php?id=100094839330671","article_modified_time":"2023-06-20T07:23:26+00:00","twitter_card":"summary_large_image","twitter_misc":{"Tempo di lettura stimato":"1 minuto"},"schema":{"@context":"https:\/\/schema.org","@graph":[{"@type":"WebPage","@id":"https:\/\/viertler.it\/it\/impressum\/","url":"https:\/\/viertler.it\/it\/impressum\/","name":"Impressum - Falegnameria Viertler Dobbiaco","isPartOf":{"@id":"https:\/\/viertler.it\/#website"},"datePublished":"2023-05-18T06:28:43+00:00","dateModified":"2023-06-20T07:23:26+00:00","breadcrumb":{"@id":"https:\/\/viertler.it\/it\/impressum\/#breadcrumb"},"inLanguage":"it-IT","potentialAction":[{"@type":"ReadAction","target":["https:\/\/viertler.it\/it\/impressum\/"]}]},{"@type":"BreadcrumbList","@id":"https:\/\/viertler.it\/it\/impressum\/#breadcrumb","itemListElement":[{"@type":"ListItem","position":1,"name":"Startseite","item":"https:\/\/viertler.it\/it\/"},{"@type":"ListItem","position":2,"name":"Impressum"}]},{"@type":"WebSite","@id":"https:\/\/viertler.it\/#website","url":"https:\/\/viertler.it\/","name":"Falegnameria Viertler Dobbiaco","description":"","publisher":{"@id":"https:\/\/viertler.it\/#organization"},"potentialAction":[{"@type":"SearchAction","target":{"@type":"EntryPoint","urlTemplate":"https:\/\/viertler.it\/?s={search_term_string}"},"query-input":{"@type":"PropertyValueSpecification","valueRequired":true,"valueName":"search_term_string"}}],"inLanguage":"it-IT"},{"@type":"Organization","@id":"https:\/\/viertler.it\/#organization","name":"Falegnameria Viertler Dobbiaco","url":"https:\/\/viertler.it\/","logo":{"@type":"ImageObject","inLanguage":"it-IT","@id":"https:\/\/viertler.it\/#\/schema\/logo\/image\/","url":"https:\/\/viertler.it\/wp-content\/uploads\/tischlerei-viertler-falegnameria-logo.svg","contentUrl":"https:\/\/viertler.it\/wp-content\/uploads\/tischlerei-viertler-falegnameria-logo.svg","width":234.45,"height":117.44,"caption":"Falegnameria Viertler Dobbiaco"},"image":{"@id":"https:\/\/viertler.it\/#\/schema\/logo\/image\/"},"sameAs":["https:\/\/www.facebook.com\/profile.php?id=100094839330671"]}]}},"_links":{"self":[{"href":"https:\/\/viertler.it\/it\/wp-json\/wp\/v2\/pages\/1209","targetHints":{"allow":["GET"]}}],"collection":[{"href":"https:\/\/viertler.it\/it\/wp-json\/wp\/v2\/pages"}],"about":[{"href":"https:\/\/viertler.it\/it\/wp-json\/wp\/v2\/types\/page"}],"author":[{"embeddable":true,"href":"https:\/\/viertler.it\/it\/wp-json\/wp\/v2\/users\/1"}],"replies":[{"embeddable":true,"href":"https:\/\/viertler.it\/it\/wp-json\/wp\/v2\/comments?post=1209"}],"version-history":[{"count":0,"href":"https:\/\/viertler.it\/it\/wp-json\/wp\/v2\/pages\/1209\/revisions"}],"wp:attachment":[{"href":"https:\/\/viertler.it\/it\/wp-json\/wp\/v2\/media?parent=1209"}],"curies":[{"name":"wp","href":"https:\/\/api.w.org\/{rel}","templated":true}]}}